{"id":277,"date":"2020-06-06T17:11:24","date_gmt":"2020-06-06T15:11:24","guid":{"rendered":"https:\/\/www.chateausimon.fr\/accueil\/"},"modified":"2020-06-15T10:22:25","modified_gmt":"2020-06-15T08:22:25","slug":"accueil","status":"publish","type":"page","link":"https:\/\/www.chateausimon.fr\/en\/","title":{"rendered":"Home"},"content":{"rendered":"<div class=\"wpb-content-wrapper\"><p>[vc_row full_width=&#8221;stretch_row&#8221; type=&#8221;vc_default&#8221; margin_top=&#8221;70px&#8221; css=&#8221;.vc_custom_1591326193502{margin-top: 70px !important;}&#8221;][vc_column width=&#8221;1\/3&#8243; css=&#8221;.vc_custom_1591326212254{padding-right: 20px !important;padding-left: 20px !important;}&#8221;][vc_single_image image=&#8221;13&#8243; img_size=&#8221;full&#8221; alignment=&#8221;center&#8221;][\/vc_column][vc_column width=&#8221;1\/3&#8243; css=&#8221;.vc_custom_1591326428966{padding-right: 20px !important;padding-left: 20px !important;}&#8221;][vc_row_inner][vc_column_inner offset=&#8221;vc_hidden-xs&#8221;][vc_empty_space height=&#8221;100px&#8221;][\/vc_column_inner][\/vc_row_inner][vc_single_image image=&#8221;11&#8243; img_size=&#8221;full&#8221; alignment=&#8221;center&#8221;][\/vc_column][vc_column width=&#8221;1\/3&#8243; css=&#8221;.vc_custom_1591326231278{padding-right: 20px !important;padding-left: 20px !important;}&#8221;][vc_column_text]<\/p>\n<h2>Le Ch\u00e2teau Simon<br \/>\n<span style=\"color: #d1bd99;\">In a few words\u2026<br \/>\n<\/span><\/h2>\n<p>[\/vc_column_text][vc_separator color=&#8221;custom&#8221; align=&#8221;align_left&#8221; border_width=&#8221;2&#8243; el_width=&#8221;30&#8243; accent_color=&#8221;#cbb384&#8243;][vc_column_text]<\/p>\n<p style=\"text-align: justify;\">Ideally positioned a few hundred meters from the village of Barsac in the Simon neighbourhood, Ch\u00e2teau Simon has thrived here for two centuries.<\/p>\n<p style=\"text-align: justify;\">Established in 1814, Ch\u00e2teau Simon began as a traditional French farm producing wine, fruits &amp; vegetables. Over time Ch\u00e2teau Simon has successfully prevailed as a strong wine producing specialist.<\/p>\n<p style=\"text-align: justify;\">Today, the vineyard is set in an impressive 33 hectares located on three major appellations: Sauternes, Graves &amp; Bordeaux. Our vineyard produces wine varieties such as S\u00e9millon, Sauvignon, Merlot &amp; Cabernet Sauvignon. Anne Laure &amp; Pauline remain loyal to their roots and honour their heritage by utilising the invaluable knowledge and traditions of their ancestors. Passionately building a future by complimenting this proud history with modern &amp; innovative techniques.<\/p>\n<p style=\"text-align: justify;\">Today, Ch\u00e2teau Simon offers a large range of 11 wines: Barsac-Sauternes, Graves Red, White &amp; Sweet, Bordeaux Red, White &amp; Ros\u00e9. For almost three decades Ch\u00e2teau Simon has been an active member of the Vignerons Ind\u00e9pendant association.<\/p>\n<p>[\/vc_column_text][vc_single_image image=&#8221;20&#8243; img_size=&#8221;full&#8221;][\/vc_column][\/vc_row][vc_row full_width=&#8221;stretch_row&#8221; type=&#8221;vc_default&#8221; margin_top=&#8221;70px&#8221; css=&#8221;.vc_custom_1591461854052{padding-top: 30px !important;background: #fbfaf6 url(https:\/\/www.chateausimon.fr\/wp-content\/uploads\/2020\/06\/chateau-de-simon-en-chiffre.png?id=28) !important;background-position: center !important;background-repeat: no-repeat !important;background-size: cover !important;}&#8221;][vc_column][vc_column_text]<\/p>\n<h2 style=\"text-align: center;\">Ch\u00e2teau SIMON in figures<\/h2>\n<p>[\/vc_column_text][vc_separator color=&#8221;custom&#8221; border_width=&#8221;2&#8243; el_width=&#8221;10&#8243; accent_color=&#8221;#cbb384&#8243;][vc_row_inner][vc_column_inner width=&#8221;1\/4&#8243;]<div class=\"stats-block stats-top  \"><div class=\"aio-icon-top\"><div class=\"ult-just-icon-wrapper  \"><div class=\"align-icon\" style=\"text-align:center;\"><\/div><\/div><\/div><div class=\"stats-desc\" id=\"counter-responsv-wrap-2491\"><div id=\"counter_100168828669f4ba53b1f93\" data-id=\"counter_100168828669f4ba53b1f93\"  data-ultimate-target='#counter-responsv-wrap-2491 .stats-number'  data-responsive-json-new='{\"font-size\":\"desktop:75px;\",\"line-height\":\"\"}'  class=\"stats-number ult-responsive\" style=\"  color:#d1b281;\" data-speed=\"3\" data-counter-value=\"38\" data-separator=\",\" data-decimal=\".\">0<\/div><div id=\"title-counter_100168828669f4ba53b1f93\"  data-ultimate-target='#counter-responsv-wrap-2491 .stats-text'  data-responsive-json-new='{\"font-size\":\"desktop:22px;\",\"line-height\":\"\"}'  class=\"stats-text ult-responsive\" style=\"font-size:px;  \">Hectares<\/div><\/div><\/div>[\/vc_column_inner][vc_column_inner width=&#8221;1\/4&#8243;]<div class=\"stats-block stats-top  \"><div class=\"aio-icon-top\"><div class=\"ult-just-icon-wrapper  \"><div class=\"align-icon\" style=\"text-align:center;\"><\/div><\/div><\/div><div class=\"stats-desc\" id=\"counter-responsv-wrap-2356\"><div id=\"counter_86963945969f4ba53b20cb\" data-id=\"counter_86963945969f4ba53b20cb\"  data-ultimate-target='#counter-responsv-wrap-2356 .stats-number'  data-responsive-json-new='{\"font-size\":\"desktop:75px;\",\"line-height\":\"\"}'  class=\"stats-number ult-responsive\" style=\"  color:#d1b281;\" data-speed=\"1\" data-counter-value=\"3\" data-separator=\",\" data-decimal=\".\">0<\/div><div id=\"title-counter_86963945969f4ba53b20cb\"  data-ultimate-target='#counter-responsv-wrap-2356 .stats-text'  data-responsive-json-new='{\"font-size\":\"desktop:22px;\",\"line-height\":\"\"}'  class=\"stats-text ult-responsive\" style=\"font-size:px;  \">Appellations<\/div><\/div><\/div>[\/vc_column_inner][vc_column_inner width=&#8221;1\/4&#8243;]<div class=\"stats-block stats-top  \"><div class=\"aio-icon-top\"><div class=\"ult-just-icon-wrapper  \"><div class=\"align-icon\" style=\"text-align:center;\"><\/div><\/div><\/div><div class=\"stats-desc\" id=\"counter-responsv-wrap-7724\"><div id=\"counter_126674212369f4ba53b21c6\" data-id=\"counter_126674212369f4ba53b21c6\"  data-ultimate-target='#counter-responsv-wrap-7724 .stats-number'  data-responsive-json-new='{\"font-size\":\"desktop:75px;\",\"line-height\":\"\"}'  class=\"stats-number ult-responsive\" style=\"  color:#d1b281;\" data-speed=\"3\" data-counter-value=\"11\" data-separator=\",\" data-decimal=\".\">0<\/div><div id=\"title-counter_126674212369f4ba53b21c6\"  data-ultimate-target='#counter-responsv-wrap-7724 .stats-text'  data-responsive-json-new='{\"font-size\":\"desktop:22px;\",\"line-height\":\"\"}'  class=\"stats-text ult-responsive\" style=\"font-size:px;  \">Wines<\/div><\/div><\/div>[\/vc_column_inner][vc_column_inner width=&#8221;1\/4&#8243;]<div class=\"stats-block stats-top  \"><div class=\"aio-icon-top\"><div class=\"ult-just-icon-wrapper  \"><div class=\"align-icon\" style=\"text-align:center;\"><\/div><\/div><\/div><div class=\"stats-desc\" id=\"counter-responsv-wrap-1746\"><div id=\"counter_192413068669f4ba53b22f5\" data-id=\"counter_192413068669f4ba53b22f5\"  data-ultimate-target='#counter-responsv-wrap-1746 .stats-number'  data-responsive-json-new='{\"font-size\":\"desktop:75px;\",\"line-height\":\"\"}'  class=\"stats-number ult-responsive\" style=\"  color:#d1b281;\" data-speed=\"3\" data-counter-value=\"200\" data-separator=\",\" data-decimal=\".\">0<\/div><div class=\"counter_suffix mycust ult-responsive\"  data-ultimate-target='#counter-responsv-wrap-1746 .mycust'  data-responsive-json-new='{\"font-size\":\"desktop:20px;\",\"line-height\":\"\"}'  style=\" color:\">Years<\/div><div id=\"title-counter_192413068669f4ba53b22f5\"  data-ultimate-target='#counter-responsv-wrap-1746 .stats-text'  data-responsive-json-new='{\"font-size\":\"desktop:22px;\",\"line-height\":\"\"}'  class=\"stats-text ult-responsive\" style=\"font-size:px;  \">of history<\/div><\/div><\/div>[\/vc_column_inner][\/vc_row_inner][\/vc_column][\/vc_row][vc_row full_width=&#8221;stretch_row&#8221; type=&#8221;vc_default&#8221; margin_top=&#8221;70px&#8221; css=&#8221;.vc_custom_1591324495314{padding-top: 30px !important;background-position: center !important;background-repeat: no-repeat !important;background-size: cover !important;}&#8221;][vc_column][vc_single_image image=&#8221;15&#8243; img_size=&#8221;full&#8221; alignment=&#8221;center&#8221;][\/vc_column][\/vc_row]<\/p>\n<\/div>","protected":false},"excerpt":{"rendered":"<p>[vc_row full_width=&#8221;stretch_row&#8221; type=&#8221;vc_default&#8221; margin_top=&#8221;70px&#8221; css=&#8221;.vc_custom_1591326193502{margin-top: 70px !important;}&#8221;][vc_column width=&#8221;1\/3&#8243; css=&#8221;.vc_custom_1591326212254{padding-right: 20px !important;padding-left: 20px !important;}&#8221;][vc_single_image image=&#8221;13&#8243; img_size=&#8221;full&#8221; alignment=&#8221;center&#8221;][\/vc_column][vc_column width=&#8221;1\/3&#8243; css=&#8221;.vc_custom_1591326428966{padding-right: 20px !important;padding-left: 20px !important;}&#8221;][vc_row_inner][vc_column_inner offset=&#8221;vc_hidden-xs&#8221;][vc_empty_space height=&#8221;100px&#8221;][\/vc_column_inner][\/vc_row_inner][vc_single_image image=&#8221;11&#8243; img_size=&#8221;full&#8221; alignment=&#8221;center&#8221;][\/vc_column][vc_column width=&#8221;1\/3&#8243; css=&#8221;.vc_custom_1591326231278{padding-right: 20px !important;padding-left: 20px !important;}&#8221;][vc_column_text] Le Ch\u00e2teau Simon In a few words\u2026 [\/vc_column_text][vc_separator color=&#8221;custom&#8221; align=&#8221;align_left&#8221; border_width=&#8221;2&#8243; el_width=&#8221;30&#8243; accent_color=&#8221;#cbb384&#8243;][vc_column_text] Ideally positioned a few hundred meters from the village&hellip;<\/p>\n","protected":false},"author":1,"featured_media":0,"parent":0,"menu_order":0,"comment_status":"closed","ping_status":"closed","template":"","meta":{"footnotes":""},"class_list":["post-277","page","type-page","status-publish","hentry","description-off"],"yoast_head":"<!-- This site is optimized with the Yoast SEO plugin v26.4 - https:\/\/yoast.com\/wordpress\/plugins\/seo\/ -->\n<title>Home - Ch\u00e2teau Simon<\/title>\n<meta name=\"description\" content=\"Proudly upholding two centuries of heritage with a dedicated team of passionate wine growers, the environmentally friendly oriented Ch\u00e2teau Simon offers exceptional wines from Sauternes, Graves &amp; Bordeaux\" \/>\n<meta name=\"robots\" content=\"index, follow, max-snippet:-1, max-image-preview:large, max-video-preview:-1\" \/>\n<link rel=\"canonical\" href=\"https:\/\/www.chateausimon.fr\/en\/\" \/>\n<meta property=\"og:locale\" content=\"en_US\" \/>\n<meta property=\"og:type\" content=\"article\" \/>\n<meta property=\"og:title\" content=\"Home - Ch\u00e2teau Simon\" \/>\n<meta property=\"og:description\" content=\"Proudly upholding two centuries of heritage with a dedicated team of passionate wine growers, the environmentally friendly oriented Ch\u00e2teau Simon offers exceptional wines from Sauternes, Graves &amp; Bordeaux\" \/>\n<meta property=\"og:url\" content=\"https:\/\/www.chateausimon.fr\/en\/\" \/>\n<meta property=\"og:site_name\" content=\"Ch\u00e2teau Simon\" \/>\n<meta property=\"article:modified_time\" content=\"2020-06-15T08:22:25+00:00\" \/>\n<meta name=\"twitter:card\" content=\"summary_large_image\" \/>\n<meta name=\"twitter:label1\" content=\"Est. reading time\" \/>\n\t<meta name=\"twitter:data1\" content=\"3 minutes\" \/>\n<script type=\"application\/ld+json\" class=\"yoast-schema-graph\">{\"@context\":\"https:\/\/schema.org\",\"@graph\":[{\"@type\":\"WebPage\",\"@id\":\"https:\/\/www.chateausimon.fr\/en\/\",\"url\":\"https:\/\/www.chateausimon.fr\/en\/\",\"name\":\"Home - Ch\u00e2teau Simon\",\"isPartOf\":{\"@id\":\"https:\/\/www.chateausimon.fr\/en\/#website\"},\"datePublished\":\"2020-06-06T15:11:24+00:00\",\"dateModified\":\"2020-06-15T08:22:25+00:00\",\"description\":\"Proudly upholding two centuries of heritage with a dedicated team of passionate wine growers, the environmentally friendly oriented Ch\u00e2teau Simon offers exceptional wines from Sauternes, Graves & Bordeaux\",\"breadcrumb\":{\"@id\":\"https:\/\/www.chateausimon.fr\/en\/#breadcrumb\"},\"inLanguage\":\"en-US\",\"potentialAction\":[{\"@type\":\"ReadAction\",\"target\":[\"https:\/\/www.chateausimon.fr\/en\/\"]}]},{\"@type\":\"BreadcrumbList\",\"@id\":\"https:\/\/www.chateausimon.fr\/en\/#breadcrumb\",\"itemListElement\":[{\"@type\":\"ListItem\",\"position\":1,\"name\":\"Home\",\"item\":\"https:\/\/www.chateausimon.fr\/en\/\"},{\"@type\":\"ListItem\",\"position\":2,\"name\":\"Home\"}]},{\"@type\":\"WebSite\",\"@id\":\"https:\/\/www.chateausimon.fr\/en\/#website\",\"url\":\"https:\/\/www.chateausimon.fr\/en\/\",\"name\":\"Ch\u00e2teau Simon\",\"description\":\"Vins de Graves et Sauternes\",\"potentialAction\":[{\"@type\":\"SearchAction\",\"target\":{\"@type\":\"EntryPoint\",\"urlTemplate\":\"https:\/\/www.chateausimon.fr\/en\/?s={search_term_string}\"},\"query-input\":{\"@type\":\"PropertyValueSpecification\",\"valueRequired\":true,\"valueName\":\"search_term_string\"}}],\"inLanguage\":\"en-US\"}]}<\/script>\n<!-- \/ Yoast SEO plugin. -->","yoast_head_json":{"title":"Home - Ch\u00e2teau Simon","description":"Proudly upholding two centuries of heritage with a dedicated team of passionate wine growers, the environmentally friendly oriented Ch\u00e2teau Simon offers exceptional wines from Sauternes, Graves & Bordeaux","robots":{"index":"index","follow":"follow","max-snippet":"max-snippet:-1","max-image-preview":"max-image-preview:large","max-video-preview":"max-video-preview:-1"},"canonical":"https:\/\/www.chateausimon.fr\/en\/","og_locale":"en_US","og_type":"article","og_title":"Home - Ch\u00e2teau Simon","og_description":"Proudly upholding two centuries of heritage with a dedicated team of passionate wine growers, the environmentally friendly oriented Ch\u00e2teau Simon offers exceptional wines from Sauternes, Graves & Bordeaux","og_url":"https:\/\/www.chateausimon.fr\/en\/","og_site_name":"Ch\u00e2teau Simon","article_modified_time":"2020-06-15T08:22:25+00:00","twitter_card":"summary_large_image","twitter_misc":{"Est. reading time":"3 minutes"},"schema":{"@context":"https:\/\/schema.org","@graph":[{"@type":"WebPage","@id":"https:\/\/www.chateausimon.fr\/en\/","url":"https:\/\/www.chateausimon.fr\/en\/","name":"Home - Ch\u00e2teau Simon","isPartOf":{"@id":"https:\/\/www.chateausimon.fr\/en\/#website"},"datePublished":"2020-06-06T15:11:24+00:00","dateModified":"2020-06-15T08:22:25+00:00","description":"Proudly upholding two centuries of heritage with a dedicated team of passionate wine growers, the environmentally friendly oriented Ch\u00e2teau Simon offers exceptional wines from Sauternes, Graves & Bordeaux","breadcrumb":{"@id":"https:\/\/www.chateausimon.fr\/en\/#breadcrumb"},"inLanguage":"en-US","potentialAction":[{"@type":"ReadAction","target":["https:\/\/www.chateausimon.fr\/en\/"]}]},{"@type":"BreadcrumbList","@id":"https:\/\/www.chateausimon.fr\/en\/#breadcrumb","itemListElement":[{"@type":"ListItem","position":1,"name":"Home","item":"https:\/\/www.chateausimon.fr\/en\/"},{"@type":"ListItem","position":2,"name":"Home"}]},{"@type":"WebSite","@id":"https:\/\/www.chateausimon.fr\/en\/#website","url":"https:\/\/www.chateausimon.fr\/en\/","name":"Ch\u00e2teau Simon","description":"Vins de Graves et Sauternes","potentialAction":[{"@type":"SearchAction","target":{"@type":"EntryPoint","urlTemplate":"https:\/\/www.chateausimon.fr\/en\/?s={search_term_string}"},"query-input":{"@type":"PropertyValueSpecification","valueRequired":true,"valueName":"search_term_string"}}],"inLanguage":"en-US"}]}},"_links":{"self":[{"href":"https:\/\/www.chateausimon.fr\/en\/wp-json\/wp\/v2\/pages\/277","targetHints":{"allow":["GET"]}}],"collection":[{"href":"https:\/\/www.chateausimon.fr\/en\/wp-json\/wp\/v2\/pages"}],"about":[{"href":"https:\/\/www.chateausimon.fr\/en\/wp-json\/wp\/v2\/types\/page"}],"author":[{"embeddable":true,"href":"https:\/\/www.chateausimon.fr\/en\/wp-json\/wp\/v2\/users\/1"}],"replies":[{"embeddable":true,"href":"https:\/\/www.chateausimon.fr\/en\/wp-json\/wp\/v2\/comments?post=277"}],"version-history":[{"count":4,"href":"https:\/\/www.chateausimon.fr\/en\/wp-json\/wp\/v2\/pages\/277\/revisions"}],"predecessor-version":[{"id":375,"href":"https:\/\/www.chateausimon.fr\/en\/wp-json\/wp\/v2\/pages\/277\/revisions\/375"}],"wp:attachment":[{"href":"https:\/\/www.chateausimon.fr\/en\/wp-json\/wp\/v2\/media?parent=277"}],"curies":[{"name":"wp","href":"https:\/\/api.w.org\/{rel}","templated":true}]}}