{"id":335,"date":"2020-06-07T03:07:31","date_gmt":"2020-06-07T01:07:31","guid":{"rendered":"https:\/\/www.chateausimon.fr\/chateau-simon-moelleux-graves-superieures\/"},"modified":"2022-06-23T17:19:19","modified_gmt":"2022-06-23T15:19:19","slug":"chateau-simon-moelleux-graves-superieures","status":"publish","type":"page","link":"https:\/\/www.chateausimon.fr\/en\/chateau-simon-moelleux-graves-superieures\/","title":{"rendered":"Ch\u00e2teau Simon Moelleux Graves Sup\u00e9rieures"},"content":{"rendered":"<div class=\"wpb-content-wrapper\"><p>[vc_row css=&#8221;.vc_custom_1591464302163{margin-top: 70px !important;padding-right: 20px !important;padding-left: 20px !important;}&#8221;][vc_column][vc_column_text]<\/p>\n<h1 style=\"text-align: center\"><strong>Ch\u00e2teau Simon<\/strong><\/h1>\n<h2 style=\"text-align: center\"><strong>AOC GRAVES<\/strong>\u00a0SUP\u00c9RIEURES<\/h2>\n<p>[\/vc_column_text][vc_separator color=&#8221;custom&#8221; border_width=&#8221;3&#8243; el_width=&#8221;10&#8243; accent_color=&#8221;#d2bc9d&#8221;][\/vc_column][\/vc_row][vc_row css=&#8221;.vc_custom_1591484730734{margin-top: 70px !important;padding-right: 20px !important;padding-left: 20px !important;}&#8221;][vc_column width=&#8221;1\/4&#8243;][vc_single_image image=&#8221;2273&#8243; img_size=&#8221;full&#8221; alignment=&#8221;center&#8221;][\/vc_column][vc_column width=&#8221;3\/4&#8243;][vc_column_text]<strong>Terroir :<\/strong> The vineyards are located in the commune of Budos: gravel, stones with sand, slit and clay.<\/p>\n<p><strong>Grape variety :<\/strong> 100% S\u00e9millon.<\/p>\n<p><strong>Harvesting :<\/strong> Handpicking with meticulous care. Only the overriped berries and grapes are selected. (Botrytis Cinereas).<\/p>\n<p><strong>Winemaking\u00a0:<\/strong> The botrytised grapes are delicately pressed. After a brief cold soak, the must is fermented in thermo-regulates stainless steel tanks to keep a fine freshness and reveal the lively finesse of Semillon.<\/p>\n<p><strong>Production :<\/strong> 3 000 bottles.<\/p>\n<p><strong>Tasting notes :<\/strong> With a golden robe this wine has a nose of delicate fresh white fruits. The palate has notes of apricot with a touch of citric fruits. This wine is at the same time full-bodied and fresh.<\/p>\n<p><strong>Food pairing :<\/strong> This wine will be perfect for an aperitif with Roquefort feuillet\u00e9. It will accompany white meats, spicy dishes, chicken curry and traditionnal foie gras.[\/vc_column_text][\/vc_column][\/vc_row][vc_row css=&#8221;.vc_custom_1591485240579{margin-top: 70px !important;padding-right: 20px !important;padding-left: 20px !important;}&#8221;][vc_column]<style type=\"text\/css\" data-type=\"the7_shortcodes-inline-css\">#default-btn-62dcc282f7ea1ad6a23fe87625bdf0d6.ico-right-side > i {\n  margin-right: 0px;\n  margin-left: 8px;\n}\n#default-btn-62dcc282f7ea1ad6a23fe87625bdf0d6 > i {\n  margin-right: 8px;\n}<\/style><div class=\"btn-align-center\"><a href=\"\/en\/nos-vins\/\" class=\"default-btn-shortcode dt-btn dt-btn-l link-hover-off \" id=\"default-btn-62dcc282f7ea1ad6a23fe87625bdf0d6\" title=\"Nos Vins\"><span>Return<\/span><\/a><\/div>[vc_separator color=&#8221;custom&#8221; border_width=&#8221;2&#8243; accent_color=&#8221;#d2bc9d&#8221; css=&#8221;.vc_custom_1591485452620{margin-top: 30px !important;margin-bottom: 30px !important;}&#8221;][\/vc_column][\/vc_row][vc_row css=&#8221;.vc_custom_1591464655172{padding-right: 20px !important;padding-left: 20px !important;}&#8221;][vc_column][vc_column_text css=&#8221;.vc_custom_1591703479574{margin-bottom: 50px !important;}&#8221;]<\/p>\n<h2 style=\"text-align: center\">The other wines of the appellation :<\/h2>\n<p>[\/vc_column_text][vc_row_inner][vc_column_inner width=&#8221;1\/3&#8243;][vc_single_image image=&#8221;99&#8243; img_size=&#8221;200X300&#8243; alignment=&#8221;center&#8221; onclick=&#8221;custom_link&#8221; link=&#8221;\/en\/chateau-simon-aoc-graves&#8221;][vc_column_text]<\/p>\n<h4 style=\"text-align: center\">Ch\u00e2teau Simon<\/h4>\n<p style=\"text-align: center\">Dry white wine<\/p>\n<p>[\/vc_column_text][\/vc_column_inner][vc_column_inner width=&#8221;1\/3&#8243;][vc_single_image image=&#8221;109&#8243; img_size=&#8221;200X300&#8243; alignment=&#8221;center&#8221; onclick=&#8221;custom_link&#8221; link=&#8221;\/en\/chateau-simon-aoc-graves-rouge&#8221;][vc_column_text]<\/p>\n<h4 style=\"text-align: center\">Ch\u00e2teau Simon<\/h4>\n<p style=\"text-align: center\">Red wine<\/p>\n<p>[\/vc_column_text][\/vc_column_inner][vc_column_inner width=&#8221;1\/3&#8243;][vc_single_image image=&#8221;103&#8243; img_size=&#8221;200X300&#8243; alignment=&#8221;center&#8221; onclick=&#8221;custom_link&#8221; link=&#8221;\/en\/chateau-simon-lempreinte&#8221;][vc_column_text]<\/p>\n<h4 style=\"text-align: center\">CH\u00c2TEAU SIMON \u2013 L\u2019EMPREINTE<\/h4>\n<p style=\"text-align: center\">Red wine<\/p>\n<p>[\/vc_column_text][\/vc_column_inner][\/vc_row_inner][vc_row_inner][vc_column_inner width=&#8221;1\/6&#8243;][\/vc_column_inner][vc_column_inner width=&#8221;1\/3&#8243;][vc_single_image image=&#8221;105&#8243; img_size=&#8221;200X300&#8243; alignment=&#8221;center&#8221; onclick=&#8221;custom_link&#8221; link=&#8221;\/en\/chateau-de-rieufret-aoc-graves&#8221;][vc_column_text]<\/p>\n<h4 style=\"text-align: center\">CH\u00c2TEAU DE RIEUFRET<\/h4>\n<p style=\"text-align: center\">Red wine<\/p>\n<p>[\/vc_column_text][\/vc_column_inner][vc_column_inner width=&#8221;1\/3&#8243;][vc_single_image image=&#8221;101&#8243; img_size=&#8221;200X300&#8243; alignment=&#8221;center&#8221; onclick=&#8221;custom_link&#8221; link=&#8221;\/en\/agapes-de-rieufret-aoc-graves&#8221;][vc_column_text]<\/p>\n<h4 style=\"text-align: center\">AGAPES DE RIEUFRET<\/h4>\n<p style=\"text-align: center\">Red wine<\/p>\n<p>[\/vc_column_text][\/vc_column_inner][vc_column_inner width=&#8221;1\/6&#8243;][\/vc_column_inner][\/vc_row_inner][\/vc_column][\/vc_row]<\/p>\n<\/div>","protected":false},"excerpt":{"rendered":"<p>[vc_row css=&#8221;.vc_custom_1591464302163{margin-top: 70px !important;padding-right: 20px !important;padding-left: 20px !important;}&#8221;][vc_column][vc_column_text] Ch\u00e2teau Simon AOC GRAVES\u00a0SUP\u00c9RIEURES [\/vc_column_text][vc_separator color=&#8221;custom&#8221; border_width=&#8221;3&#8243; el_width=&#8221;10&#8243; accent_color=&#8221;#d2bc9d&#8221;][\/vc_column][\/vc_row][vc_row css=&#8221;.vc_custom_1591484730734{margin-top: 70px !important;padding-right: 20px !important;padding-left: 20px !important;}&#8221;][vc_column width=&#8221;1\/4&#8243;][vc_single_image image=&#8221;2273&#8243; img_size=&#8221;full&#8221; alignment=&#8221;center&#8221;][\/vc_column][vc_column width=&#8221;3\/4&#8243;][vc_column_text]Terroir : The vineyards are located in the commune of Budos: gravel, stones with sand, slit and clay. Grape variety : 100% S\u00e9millon. Harvesting : Handpicking with&hellip;<\/p>\n","protected":false},"author":1,"featured_media":0,"parent":0,"menu_order":0,"comment_status":"closed","ping_status":"closed","template":"","meta":{"footnotes":""},"class_list":["post-335","page","type-page","status-publish","hentry","description-off"],"yoast_head":"<!-- This site is optimized with the Yoast SEO plugin v26.4 - https:\/\/yoast.com\/wordpress\/plugins\/seo\/ -->\n<title>Ch\u00e2teau Simon Moelleux Graves Sup\u00e9rieures - Ch\u00e2teau Simon<\/title>\n<meta name=\"description\" content=\"The vineyards are located in the commune of Budos: gravel, stones with sand, slit and clay.\" \/>\n<meta name=\"robots\" content=\"index, follow, max-snippet:-1, max-image-preview:large, max-video-preview:-1\" \/>\n<link rel=\"canonical\" href=\"https:\/\/www.chateausimon.fr\/en\/chateau-simon-moelleux-graves-superieures\/\" \/>\n<meta property=\"og:locale\" content=\"en_US\" \/>\n<meta property=\"og:type\" content=\"article\" \/>\n<meta property=\"og:title\" content=\"Ch\u00e2teau Simon Moelleux Graves Sup\u00e9rieures - Ch\u00e2teau Simon\" \/>\n<meta property=\"og:description\" content=\"The vineyards are located in the commune of Budos: gravel, stones with sand, slit and clay.\" \/>\n<meta property=\"og:url\" content=\"https:\/\/www.chateausimon.fr\/en\/chateau-simon-moelleux-graves-superieures\/\" \/>\n<meta property=\"og:site_name\" content=\"Ch\u00e2teau Simon\" \/>\n<meta property=\"article:modified_time\" content=\"2022-06-23T15:19:19+00:00\" \/>\n<meta name=\"twitter:card\" content=\"summary_large_image\" \/>\n<meta name=\"twitter:label1\" content=\"Est. reading time\" \/>\n\t<meta name=\"twitter:data1\" content=\"3 minutes\" \/>\n<script type=\"application\/ld+json\" class=\"yoast-schema-graph\">{\"@context\":\"https:\/\/schema.org\",\"@graph\":[{\"@type\":\"WebPage\",\"@id\":\"https:\/\/www.chateausimon.fr\/en\/chateau-simon-moelleux-graves-superieures\/\",\"url\":\"https:\/\/www.chateausimon.fr\/en\/chateau-simon-moelleux-graves-superieures\/\",\"name\":\"Ch\u00e2teau Simon Moelleux Graves Sup\u00e9rieures - Ch\u00e2teau Simon\",\"isPartOf\":{\"@id\":\"https:\/\/www.chateausimon.fr\/en\/#website\"},\"datePublished\":\"2020-06-07T01:07:31+00:00\",\"dateModified\":\"2022-06-23T15:19:19+00:00\",\"description\":\"The vineyards are located in the commune of Budos: gravel, stones with sand, slit and clay.\",\"breadcrumb\":{\"@id\":\"https:\/\/www.chateausimon.fr\/en\/chateau-simon-moelleux-graves-superieures\/#breadcrumb\"},\"inLanguage\":\"en-US\",\"potentialAction\":[{\"@type\":\"ReadAction\",\"target\":[\"https:\/\/www.chateausimon.fr\/en\/chateau-simon-moelleux-graves-superieures\/\"]}]},{\"@type\":\"BreadcrumbList\",\"@id\":\"https:\/\/www.chateausimon.fr\/en\/chateau-simon-moelleux-graves-superieures\/#breadcrumb\",\"itemListElement\":[{\"@type\":\"ListItem\",\"position\":1,\"name\":\"Home\",\"item\":\"https:\/\/www.chateausimon.fr\/en\/\"},{\"@type\":\"ListItem\",\"position\":2,\"name\":\"Ch\u00e2teau Simon Moelleux Graves Sup\u00e9rieures\"}]},{\"@type\":\"WebSite\",\"@id\":\"https:\/\/www.chateausimon.fr\/en\/#website\",\"url\":\"https:\/\/www.chateausimon.fr\/en\/\",\"name\":\"Ch\u00e2teau Simon\",\"description\":\"Vins de Graves et Sauternes\",\"potentialAction\":[{\"@type\":\"SearchAction\",\"target\":{\"@type\":\"EntryPoint\",\"urlTemplate\":\"https:\/\/www.chateausimon.fr\/en\/?s={search_term_string}\"},\"query-input\":{\"@type\":\"PropertyValueSpecification\",\"valueRequired\":true,\"valueName\":\"search_term_string\"}}],\"inLanguage\":\"en-US\"}]}<\/script>\n<!-- \/ Yoast SEO plugin. -->","yoast_head_json":{"title":"Ch\u00e2teau Simon Moelleux Graves Sup\u00e9rieures - Ch\u00e2teau Simon","description":"The vineyards are located in the commune of Budos: gravel, stones with sand, slit and clay.","robots":{"index":"index","follow":"follow","max-snippet":"max-snippet:-1","max-image-preview":"max-image-preview:large","max-video-preview":"max-video-preview:-1"},"canonical":"https:\/\/www.chateausimon.fr\/en\/chateau-simon-moelleux-graves-superieures\/","og_locale":"en_US","og_type":"article","og_title":"Ch\u00e2teau Simon Moelleux Graves Sup\u00e9rieures - Ch\u00e2teau Simon","og_description":"The vineyards are located in the commune of Budos: gravel, stones with sand, slit and clay.","og_url":"https:\/\/www.chateausimon.fr\/en\/chateau-simon-moelleux-graves-superieures\/","og_site_name":"Ch\u00e2teau Simon","article_modified_time":"2022-06-23T15:19:19+00:00","twitter_card":"summary_large_image","twitter_misc":{"Est. reading time":"3 minutes"},"schema":{"@context":"https:\/\/schema.org","@graph":[{"@type":"WebPage","@id":"https:\/\/www.chateausimon.fr\/en\/chateau-simon-moelleux-graves-superieures\/","url":"https:\/\/www.chateausimon.fr\/en\/chateau-simon-moelleux-graves-superieures\/","name":"Ch\u00e2teau Simon Moelleux Graves Sup\u00e9rieures - Ch\u00e2teau Simon","isPartOf":{"@id":"https:\/\/www.chateausimon.fr\/en\/#website"},"datePublished":"2020-06-07T01:07:31+00:00","dateModified":"2022-06-23T15:19:19+00:00","description":"The vineyards are located in the commune of Budos: gravel, stones with sand, slit and clay.","breadcrumb":{"@id":"https:\/\/www.chateausimon.fr\/en\/chateau-simon-moelleux-graves-superieures\/#breadcrumb"},"inLanguage":"en-US","potentialAction":[{"@type":"ReadAction","target":["https:\/\/www.chateausimon.fr\/en\/chateau-simon-moelleux-graves-superieures\/"]}]},{"@type":"BreadcrumbList","@id":"https:\/\/www.chateausimon.fr\/en\/chateau-simon-moelleux-graves-superieures\/#breadcrumb","itemListElement":[{"@type":"ListItem","position":1,"name":"Home","item":"https:\/\/www.chateausimon.fr\/en\/"},{"@type":"ListItem","position":2,"name":"Ch\u00e2teau Simon Moelleux Graves Sup\u00e9rieures"}]},{"@type":"WebSite","@id":"https:\/\/www.chateausimon.fr\/en\/#website","url":"https:\/\/www.chateausimon.fr\/en\/","name":"Ch\u00e2teau Simon","description":"Vins de Graves et Sauternes","potentialAction":[{"@type":"SearchAction","target":{"@type":"EntryPoint","urlTemplate":"https:\/\/www.chateausimon.fr\/en\/?s={search_term_string}"},"query-input":{"@type":"PropertyValueSpecification","valueRequired":true,"valueName":"search_term_string"}}],"inLanguage":"en-US"}]}},"_links":{"self":[{"href":"https:\/\/www.chateausimon.fr\/en\/wp-json\/wp\/v2\/pages\/335","targetHints":{"allow":["GET"]}}],"collection":[{"href":"https:\/\/www.chateausimon.fr\/en\/wp-json\/wp\/v2\/pages"}],"about":[{"href":"https:\/\/www.chateausimon.fr\/en\/wp-json\/wp\/v2\/types\/page"}],"author":[{"embeddable":true,"href":"https:\/\/www.chateausimon.fr\/en\/wp-json\/wp\/v2\/users\/1"}],"replies":[{"embeddable":true,"href":"https:\/\/www.chateausimon.fr\/en\/wp-json\/wp\/v2\/comments?post=335"}],"version-history":[{"count":6,"href":"https:\/\/www.chateausimon.fr\/en\/wp-json\/wp\/v2\/pages\/335\/revisions"}],"predecessor-version":[{"id":2279,"href":"https:\/\/www.chateausimon.fr\/en\/wp-json\/wp\/v2\/pages\/335\/revisions\/2279"}],"wp:attachment":[{"href":"https:\/\/www.chateausimon.fr\/en\/wp-json\/wp\/v2\/media?parent=335"}],"curies":[{"name":"wp","href":"https:\/\/api.w.org\/{rel}","templated":true}]}}